{"id":23,"date":"2016-11-09T20:42:29","date_gmt":"2016-11-09T20:42:29","guid":{"rendered":"http:\/\/ps-partner.com\/?page_id=23"},"modified":"2024-03-15T10:15:52","modified_gmt":"2024-03-15T10:15:52","slug":"oferta","status":"publish","type":"page","link":"https:\/\/ps-partner.com\/?page_id=23","title":{"rendered":"Oferta"},"content":{"rendered":"<p><strong><u>Podstawowy zakres us\u0142ug PS-Partner obejmuje:<\/u><\/strong><\/p>\n<ul>\n<li>ocen\u0119 istniej\u0105cego w firmie sposobu zarz\u0105dzania i okre\u015blenie zakresu jego dostosowania do wymaga\u0144 norm oraz przygotowanie programu wdro\u017cenia;<\/li>\n<li>szkolenie wst\u0119pne kierownictwa przygotowuj\u0105ce do \u015bwiadomego podejmowania decyzji wdro\u017ceniowych;<\/li>\n<li>konsultacje i wsparcie merytoryczne w zakresie opracowania Ksi\u0119gi Jako\u015bci, procedur systemowych, instrukcji roboczych;<\/li>\n<li>udzia\u0142 we wdro\u017ceniu dokumentacji systemu zarz\u0105dzania jako\u015bci\u0105;<\/li>\n<li>szkolenia wewn\u0119trzne pracownik\u00f3w;<\/li>\n<li>wsparcie w optymalnym szkoleniu zewn\u0119trznym pracownik\u00f3w;<\/li>\n<li>ocen\u0119 stopnia wdro\u017cenia systemu zarz\u0105dzania jako\u015bci\u0105 i przygotowania go do certyfikacji poprzez udzia\u0142 w auditach wewn\u0119trznych;<\/li>\n<li>wsparcie w przygotowaniu certyfikacyjnych dokument\u00f3w zg\u0142oszeniowych;<\/li>\n<li>udzia\u0142 w audicie certyfikuj\u0105cym (obserwator);<\/li>\n<li>mo\u017cliwe jest sprawowanie funkcji pe\u0142nomocnika ds. jako\u015bci w niezb\u0119dnym, uzgodnionym zakresie.<\/li>\n<\/ul>\n<p>Podstaw\u0105 wsp\u00f3\u0142pracy jest obustronnie przygotowana umowa reguluj\u0105ca wszystkie sprawy dotycz\u0105ce procesu wdro\u017cenia i uwzgl\u0119dniaj\u0105ca wyniki wst\u0119pnej oceny systemu zarz\u0105dzania jako\u015bci\u0105.<\/p>\n<p><strong>\u00a0<\/strong><strong><u>Przyk\u0142adowe rodzaje szkole\u0144 oferowanych przez PS-Partner:<\/u><\/strong><\/p>\n<table width=\"641\">\n<tbody>\n<tr>\n<td width=\"38\">Lp.<\/td>\n<td width=\"339\">Nazwa szkolenia<\/td>\n<td width=\"84\">Czas trwania<\/td>\n<td width=\"180\">Uwagi<\/td>\n<\/tr>\n<tr>\n<td width=\"38\">1<\/td>\n<td width=\"339\">Wymagania normy PN-EN ISO 9001:2015:10 w zakresie System\u00f3w Zarz\u0105dzania Jako\u015bci\u0105 \u2013 szkolenie<\/td>\n<td width=\"84\">1&#215;8 godz.<\/td>\n<td width=\"180\"><\/td>\n<\/tr>\n<tr>\n<td width=\"38\">2<\/td>\n<td width=\"339\">Szkolenie dla auditor\u00f3w wewn\u0119trznych \u2013 szkolenie + \u0107wiczenia warsztatowe<\/td>\n<td width=\"84\">2&#215;8 godz.<\/td>\n<td width=\"180\"><\/td>\n<\/tr>\n<tr>\n<td width=\"38\">3<\/td>\n<td width=\"339\">Wymagania NATO zgodnie z wymaganiami AQAP-2110:2016 \u2013 szkolenie<\/td>\n<td width=\"84\">1&#215;6 godz.<\/td>\n<td width=\"180\"><\/td>\n<\/tr>\n<tr>\n<td width=\"38\">4<\/td>\n<td width=\"339\">Wymagania NATO w zakresie zarz\u0105dzania konfiguracj\u0105 \u2013 szkolenie + \u0107wiczenia warsztatowe<\/td>\n<td width=\"84\">2&#215;6 godz.lub1x8 godz. (ograniczone \u0107wiczenia)<\/td>\n<td width=\"180\">Zgodnie z wymaganiami ACMP-2100 oraz ISO-10007<\/td>\n<\/tr>\n<tr>\n<td width=\"38\">5<\/td>\n<td width=\"339\">Wymagania NATO w zakresie zarz\u0105dzania ryzykiem\u2013 szkolenie + \u0107wiczenia warsztatowe.<\/td>\n<td width=\"84\">2&#215;6 godz.lub1x8 godz. (ograniczone \u0107wiczenia)<\/td>\n<td width=\"180\">Zgodnie z wymaganiami NATO i \u00a0ISO-31000<\/td>\n<\/tr>\n<tr>\n<td width=\"38\">6<\/td>\n<td width=\"339\">System nadzorowania wyposa\u017cenia do pomiar\u00f3w i monitorowania wed\u0142ug wymaga\u0144 normy PN-EN ISO 10012:2004 \u2013 szkolenie<\/td>\n<td width=\"84\">1&#215;6 godz.<\/td>\n<td width=\"180\">Wymagany przez AQAP-2110<\/td>\n<\/tr>\n<tr>\n<td width=\"38\">7<\/td>\n<td width=\"339\">Wymagania AQAP-2210 w zakresie oprogramowania<\/td>\n<td width=\"84\">1&#215;6 godz.<\/td>\n<td width=\"180\">Uzupe\u0142nienie do AQAP-2110<\/td>\n<\/tr>\n<tr>\n<td width=\"38\">8<\/td>\n<td width=\"339\">Wymagania dla wewn\u0119trznego systemu kontroli (WSK)<\/td>\n<td width=\"84\">1&#215;8 godz.<\/td>\n<td width=\"180\"><\/td>\n<\/tr>\n<tr>\n<td width=\"38\">9<\/td>\n<td width=\"339\">Wymagania zwi\u0105zane z koncesj\u0105 MSWIA<\/td>\n<td width=\"84\">1&#215;8 godz.<\/td>\n<td width=\"180\"><\/td>\n<\/tr>\n<\/tbody>\n<\/table>\n<p><strong><u>UWAGI OG\u00d3LNE DOTYCZ\u0104CE SZKOLE\u0143:<\/u><\/strong><\/p>\n<ul>\n<li>Miejsce szkolenia \u2013 uzgodnione z Klientem, g\u0142\u00f3wnie w jego siedzibie, co pozwala zebra\u0107 i szkoli\u0107 na miejscu wi\u0119ksz\u0105 liczb\u0119 uczestnik\u00f3w;<\/li>\n<li>Szkolenia s\u0105 prowadzone w grupach ok.15 osobowych, z wykorzystaniem nowoczesnych narz\u0119dzi audiowizualnych;<\/li>\n<li>Ka\u017cdy uczestnik szkolenia otrzymuje materia\u0142y szkoleniowe;<\/li>\n<li>\u0106wiczenia warsztatowe s\u0105 ukierunkowane na produkty i us\u0142ugi zbie\u017cne z normalnie oferowanymi przez Klienta;<\/li>\n<li>Ka\u017cdy uczestnik szkolenia otrzymuje \u015bwiadectwo uczestnictwa w szkoleniu, akceptowane przez jednostk\u0119 certyfikuj\u0105c\u0105;<\/li>\n<li>Program szkolenia jest zgodny z wymaganiami i metodyk\u0105 szkole\u0144 prowadzonych przez jednostk\u0119 certyfikuj\u0105c\u0105;<\/li>\n<li>Termin szkolenia jest indywidualnie uzgadniany z Klientem (tak\u017ce terminy sob.-niedz.);<\/li>\n<li>Koszt szkolenia jest uzale\u017cniony od wielko\u015bci grupy szkoleniowej, po\u0142\u0105czenia w ew. pakiety z innymi us\u0142ugami \u2013 w razie zainteresowania prosz\u0119 o kontakt. E-mail: poczta@ps-partner.com<\/li>\n<\/ul>\n","protected":false},"excerpt":{"rendered":"<p>Podstawowy zakres us\u0142ug PS-Partner obejmuje: ocen\u0119 istniej\u0105cego w firmie sposobu zarz\u0105dzania i okre\u015blenie zakresu jego dostosowania do wymaga\u0144 norm oraz przygotowanie programu wdro\u017cenia; szkolenie wst\u0119pne kierownictwa przygotowuj\u0105ce do \u015bwiadomego podejmowania decyzji wdro\u017ceniowych; konsultacje i wsparcie merytoryczne w zakresie opracowania Ksi\u0119gi Jako\u015bci, procedur systemowych, instrukcji roboczych; udzia\u0142 we wdro\u017ceniu dokumentacji systemu zarz\u0105dzania jako\u015bci\u0105; szkolenia wewn\u0119trzne pracownik\u00f3w; [&hellip;]<\/p>\n","protected":false},"author":1,"featured_media":0,"parent":0,"menu_order":1,"comment_status":"closed","ping_status":"closed","template":"","meta":{"footnotes":""},"_links":{"self":[{"href":"https:\/\/ps-partner.com\/index.php?rest_route=\/wp\/v2\/pages\/23"}],"collection":[{"href":"https:\/\/ps-partner.com\/index.php?rest_route=\/wp\/v2\/pages"}],"about":[{"href":"https:\/\/ps-partner.com\/index.php?rest_route=\/wp\/v2\/types\/page"}],"author":[{"embeddable":true,"href":"https:\/\/ps-partner.com\/index.php?rest_route=\/wp\/v2\/users\/1"}],"replies":[{"embeddable":true,"href":"https:\/\/ps-partner.com\/index.php?rest_route=%2Fwp%2Fv2%2Fcomments&post=23"}],"version-history":[{"count":6,"href":"https:\/\/ps-partner.com\/index.php?rest_route=\/wp\/v2\/pages\/23\/revisions"}],"predecessor-version":[{"id":153,"href":"https:\/\/ps-partner.com\/index.php?rest_route=\/wp\/v2\/pages\/23\/revisions\/153"}],"wp:attachment":[{"href":"https:\/\/ps-partner.com\/index.php?rest_route=%2Fwp%2Fv2%2Fmedia&parent=23"}],"curies":[{"name":"wp","href":"https:\/\/api.w.org\/{rel}","templated":true}]}}