{"id":28,"date":"2016-11-09T20:52:04","date_gmt":"2016-11-09T20:52:04","guid":{"rendered":"http:\/\/ps-partner.com\/?page_id=28"},"modified":"2024-03-15T10:10:34","modified_gmt":"2024-03-15T10:10:34","slug":"klienci","status":"publish","type":"page","link":"https:\/\/ps-partner.com\/?page_id=28","title":{"rendered":"Klienci"},"content":{"rendered":"<p><strong>Przedstawiam wykaz klient\u00f3w, z kt\u00f3rymi wsp\u00f3\u0142praca trwa ju\u017c od 2004 roku!<\/strong>&nbsp;&nbsp;&nbsp;&nbsp;&nbsp;&nbsp;<\/p>\n\n\n<figure class=\"wp-block-gallery has-nested-images columns-default is-cropped wp-block-gallery-1 is-layout-flex wp-block-gallery-is-layout-flex\">\n<figure class=\"wp-block-image size-large\"><img loading=\"lazy\" decoding=\"async\" width=\"739\" height=\"1024\" data-id=\"141\" src=\"https:\/\/ps-partner.com\/wp-content\/uploads\/2024\/03\/w1-1-739x1024.jpg\" alt=\"\" class=\"wp-image-141\" srcset=\"https:\/\/ps-partner.com\/wp-content\/uploads\/2024\/03\/w1-1-739x1024.jpg 739w, https:\/\/ps-partner.com\/wp-content\/uploads\/2024\/03\/w1-1-217x300.jpg 217w, https:\/\/ps-partner.com\/wp-content\/uploads\/2024\/03\/w1-1.jpg 761w\" sizes=\"(max-width: 739px) 100vw, 739px\" \/><\/figure>\n<\/figure>\n\n\n\n<figure class=\"wp-block-gallery has-nested-images columns-default is-cropped wp-block-gallery-2 is-layout-flex wp-block-gallery-is-layout-flex\">\n<figure class=\"wp-block-image size-large\"><img loading=\"lazy\" decoding=\"async\" width=\"720\" height=\"1024\" data-id=\"142\" src=\"https:\/\/ps-partner.com\/wp-content\/uploads\/2024\/03\/w2-1-720x1024.jpg\" alt=\"\" class=\"wp-image-142\" srcset=\"https:\/\/ps-partner.com\/wp-content\/uploads\/2024\/03\/w2-1-720x1024.jpg 720w, https:\/\/ps-partner.com\/wp-content\/uploads\/2024\/03\/w2-1-211x300.jpg 211w, https:\/\/ps-partner.com\/wp-content\/uploads\/2024\/03\/w2-1.jpg 761w\" sizes=\"(max-width: 720px) 100vw, 720px\" \/><\/figure>\n<\/figure>\n\n\n\n<figure class=\"wp-block-gallery has-nested-images columns-default is-cropped wp-block-gallery-3 is-layout-flex wp-block-gallery-is-layout-flex\">\n<figure class=\"wp-block-image size-large\"><img loading=\"lazy\" decoding=\"async\" width=\"723\" height=\"1024\" data-id=\"143\" src=\"https:\/\/ps-partner.com\/wp-content\/uploads\/2024\/03\/w3-1-723x1024.jpg\" alt=\"\" class=\"wp-image-143\" srcset=\"https:\/\/ps-partner.com\/wp-content\/uploads\/2024\/03\/w3-1-723x1024.jpg 723w, https:\/\/ps-partner.com\/wp-content\/uploads\/2024\/03\/w3-1-212x300.jpg 212w, https:\/\/ps-partner.com\/wp-content\/uploads\/2024\/03\/w3-1.jpg 763w\" sizes=\"(max-width: 723px) 100vw, 723px\" \/><\/figure>\n<\/figure>\n\n\n\n<figure class=\"wp-block-gallery has-nested-images columns-default is-cropped wp-block-gallery-4 is-layout-flex wp-block-gallery-is-layout-flex\">\n<figure class=\"wp-block-image size-large\"><img loading=\"lazy\" decoding=\"async\" width=\"723\" height=\"1024\" data-id=\"144\" src=\"https:\/\/ps-partner.com\/wp-content\/uploads\/2024\/03\/w4-1-723x1024.jpg\" alt=\"\" class=\"wp-image-144\" srcset=\"https:\/\/ps-partner.com\/wp-content\/uploads\/2024\/03\/w4-1-723x1024.jpg 723w, https:\/\/ps-partner.com\/wp-content\/uploads\/2024\/03\/w4-1-212x300.jpg 212w, https:\/\/ps-partner.com\/wp-content\/uploads\/2024\/03\/w4-1.jpg 763w\" sizes=\"(max-width: 723px) 100vw, 723px\" \/><\/figure>\n<\/figure>\n\n\n\n<figure class=\"wp-block-gallery has-nested-images columns-default is-cropped wp-block-gallery-5 is-layout-flex wp-block-gallery-is-layout-flex\">\n<figure class=\"wp-block-image size-large\"><img loading=\"lazy\" decoding=\"async\" width=\"721\" height=\"1024\" data-id=\"145\" src=\"https:\/\/ps-partner.com\/wp-content\/uploads\/2024\/03\/w5-1-721x1024.jpg\" alt=\"\" class=\"wp-image-145\" srcset=\"https:\/\/ps-partner.com\/wp-content\/uploads\/2024\/03\/w5-1-721x1024.jpg 721w, https:\/\/ps-partner.com\/wp-content\/uploads\/2024\/03\/w5-1-211x300.jpg 211w, https:\/\/ps-partner.com\/wp-content\/uploads\/2024\/03\/w5-1.jpg 760w\" sizes=\"(max-width: 721px) 100vw, 721px\" \/><\/figure>\n<\/figure>\n\n\n\n<figure class=\"wp-block-gallery has-nested-images columns-default is-cropped wp-block-gallery-6 is-layout-flex wp-block-gallery-is-layout-flex\">\n<figure class=\"wp-block-image size-large\"><img loading=\"lazy\" decoding=\"async\" width=\"723\" height=\"1024\" data-id=\"146\" src=\"https:\/\/ps-partner.com\/wp-content\/uploads\/2024\/03\/w6-1-723x1024.jpg\" alt=\"\" class=\"wp-image-146\" srcset=\"https:\/\/ps-partner.com\/wp-content\/uploads\/2024\/03\/w6-1-723x1024.jpg 723w, https:\/\/ps-partner.com\/wp-content\/uploads\/2024\/03\/w6-1-212x300.jpg 212w, https:\/\/ps-partner.com\/wp-content\/uploads\/2024\/03\/w6-1.jpg 762w\" sizes=\"(max-width: 723px) 100vw, 723px\" \/><\/figure>\n<\/figure>\n\n\n\n<figure class=\"wp-block-gallery has-nested-images columns-default is-cropped wp-block-gallery-7 is-layout-flex wp-block-gallery-is-layout-flex\">\n<figure class=\"wp-block-image size-large\"><img loading=\"lazy\" decoding=\"async\" width=\"722\" height=\"1024\" data-id=\"147\" src=\"https:\/\/ps-partner.com\/wp-content\/uploads\/2024\/03\/w7-1-722x1024.jpg\" alt=\"\" class=\"wp-image-147\" srcset=\"https:\/\/ps-partner.com\/wp-content\/uploads\/2024\/03\/w7-1-722x1024.jpg 722w, https:\/\/ps-partner.com\/wp-content\/uploads\/2024\/03\/w7-1-212x300.jpg 212w, https:\/\/ps-partner.com\/wp-content\/uploads\/2024\/03\/w7-1.jpg 758w\" sizes=\"(max-width: 722px) 100vw, 722px\" \/><\/figure>\n<\/figure>\n\n\n\n<figure class=\"wp-block-gallery has-nested-images columns-default is-cropped wp-block-gallery-8 is-layout-flex wp-block-gallery-is-layout-flex\">\n<figure class=\"wp-block-image size-large\"><img loading=\"lazy\" decoding=\"async\" width=\"723\" height=\"1024\" data-id=\"148\" src=\"https:\/\/ps-partner.com\/wp-content\/uploads\/2024\/03\/w8-1-723x1024.jpg\" alt=\"\" class=\"wp-image-148\" srcset=\"https:\/\/ps-partner.com\/wp-content\/uploads\/2024\/03\/w8-1-723x1024.jpg 723w, https:\/\/ps-partner.com\/wp-content\/uploads\/2024\/03\/w8-1-212x300.jpg 212w, https:\/\/ps-partner.com\/wp-content\/uploads\/2024\/03\/w8-1.jpg 762w\" sizes=\"(max-width: 723px) 100vw, 723px\" \/><\/figure>\n<\/figure>\n\n\n\n<figure class=\"wp-block-gallery has-nested-images columns-default is-cropped wp-block-gallery-9 is-layout-flex wp-block-gallery-is-layout-flex\">\n<figure class=\"wp-block-image size-large\"><img loading=\"lazy\" decoding=\"async\" width=\"762\" height=\"212\" data-id=\"149\" src=\"https:\/\/ps-partner.com\/wp-content\/uploads\/2024\/03\/w9-1.jpg\" alt=\"\" class=\"wp-image-149\" srcset=\"https:\/\/ps-partner.com\/wp-content\/uploads\/2024\/03\/w9-1.jpg 762w, https:\/\/ps-partner.com\/wp-content\/uploads\/2024\/03\/w9-1-300x83.jpg 300w\" sizes=\"(max-width: 762px) 100vw, 762px\" \/><\/figure>\n<\/figure>\n","protected":false},"excerpt":{"rendered":"<p>Przedstawiam wykaz klient\u00f3w, z kt\u00f3rymi wsp\u00f3\u0142praca trwa ju\u017c od 2004 roku!&nbsp;&nbsp;&nbsp;&nbsp;&nbsp;&nbsp;<\/p>\n","protected":false},"author":1,"featured_media":0,"parent":0,"menu_order":6,"comment_status":"closed","ping_status":"closed","template":"","meta":{"footnotes":""},"_links":{"self":[{"href":"https:\/\/ps-partner.com\/index.php?rest_route=\/wp\/v2\/pages\/28"}],"collection":[{"href":"https:\/\/ps-partner.com\/index.php?rest_route=\/wp\/v2\/pages"}],"about":[{"href":"https:\/\/ps-partner.com\/index.php?rest_route=\/wp\/v2\/types\/page"}],"author":[{"embeddable":true,"href":"https:\/\/ps-partner.com\/index.php?rest_route=\/wp\/v2\/users\/1"}],"replies":[{"embeddable":true,"href":"https:\/\/ps-partner.com\/index.php?rest_route=%2Fwp%2Fv2%2Fcomments&post=28"}],"version-history":[{"count":8,"href":"https:\/\/ps-partner.com\/index.php?rest_route=\/wp\/v2\/pages\/28\/revisions"}],"predecessor-version":[{"id":150,"href":"https:\/\/ps-partner.com\/index.php?rest_route=\/wp\/v2\/pages\/28\/revisions\/150"}],"wp:attachment":[{"href":"https:\/\/ps-partner.com\/index.php?rest_route=%2Fwp%2Fv2%2Fmedia&parent=28"}],"curies":[{"name":"wp","href":"https:\/\/api.w.org\/{rel}","templated":true}]}}